{"id":1916,"date":"2021-03-17T18:59:20","date_gmt":"2021-03-17T18:59:20","guid":{"rendered":"https:\/\/www.trendyhouse193.com\/?page_id=13"},"modified":"2025-05-20T14:44:21","modified_gmt":"2025-05-20T12:44:21","slug":"adatvedelem-2","status":"publish","type":"page","link":"https:\/\/www.trendyhouse65.com\/?page_id=1916","title":{"rendered":"Adatv\u00e9delem"},"content":{"rendered":"\n<h2 class=\"wp-block-heading\">Adatv\u00e9delmi szab\u00e1lyzat<\/h2>\n\n\n\n<p><a href=\"https:\/\/www.trendyhouse65.com\/wp-content\/uploads\/Weblap-hasznalata-soran-felmerulo-adatkezelesi-tajekoztato.pdf\" target=\"_blank\" rel=\"noreferrer noopener\">Adatkezel\u00e9si t\u00e1j\u00e9koztat\u00f3<\/a> (pdf)<\/p>\n\n\n\n<p><a href=\"https:\/\/www.trendyhouse65.com\/wp-content\/uploads\/Hirlevel-feliratkozashoz-tajekoztato.pdf\" target=\"_blank\" rel=\"noreferrer noopener\">H\u00edrlev\u00e9l feliratkoz\u00e1shoz t\u00e1j\u00e9koztat\u00f3<\/a> (pdf)<\/p>\n\n\n\n<p><a href=\"https:\/\/www.trendyhouse65.com\/wp-content\/uploads\/Suti-kezelesi-tajekoztato.pdf\" target=\"_blank\" rel=\"noreferrer noopener\">Cookie ( s\u00fcti ) kezel\u00e9si t\u00e1j\u00e9koztat\u00f3<\/a> (pdf)<\/p>\n","protected":false},"excerpt":{"rendered":"<p>Adatv\u00e9delmi szab\u00e1lyzat Adatkezel\u00e9si t\u00e1j\u00e9koztat\u00f3 (pdf) H\u00edrlev\u00e9l feliratkoz\u00e1shoz t\u00e1j\u00e9koztat\u00f3 (pdf) Cookie ( s\u00fcti ) kezel\u00e9si t\u00e1j\u00e9koztat\u00f3 (pdf)<\/p>\n","protected":false},"author":1,"featured_media":0,"parent":0,"menu_order":0,"comment_status":"closed","ping_status":"closed","template":"","meta":{"footnotes":""},"class_list":["post-1916","page","type-page","status-publish","hentry","entry"],"jetpack_sharing_enabled":true,"_links":{"self":[{"href":"https:\/\/www.trendyhouse65.com\/index.php?rest_route=\/wp\/v2\/pages\/1916","targetHints":{"allow":["GET"]}}],"collection":[{"href":"https:\/\/www.trendyhouse65.com\/index.php?rest_route=\/wp\/v2\/pages"}],"about":[{"href":"https:\/\/www.trendyhouse65.com\/index.php?rest_route=\/wp\/v2\/types\/page"}],"author":[{"embeddable":true,"href":"https:\/\/www.trendyhouse65.com\/index.php?rest_route=\/wp\/v2\/users\/1"}],"replies":[{"embeddable":true,"href":"https:\/\/www.trendyhouse65.com\/index.php?rest_route=%2Fwp%2Fv2%2Fcomments&post=1916"}],"version-history":[{"count":1,"href":"https:\/\/www.trendyhouse65.com\/index.php?rest_route=\/wp\/v2\/pages\/1916\/revisions"}],"predecessor-version":[{"id":2028,"href":"https:\/\/www.trendyhouse65.com\/index.php?rest_route=\/wp\/v2\/pages\/1916\/revisions\/2028"}],"wp:attachment":[{"href":"https:\/\/www.trendyhouse65.com\/index.php?rest_route=%2Fwp%2Fv2%2Fmedia&parent=1916"}],"curies":[{"name":"wp","href":"https:\/\/api.w.org\/{rel}","templated":true}]}}